{"id":13,"date":"2026-04-22T13:47:20","date_gmt":"2026-04-22T13:47:20","guid":{"rendered":"http:\/\/www.manoir-coconniere-laval.fr\/?page_id=13"},"modified":"2026-04-22T16:51:40","modified_gmt":"2026-04-22T16:51:40","slug":"accueil","status":"publish","type":"page","link":"https:\/\/www.manoir-coconniere-laval.fr\/","title":{"rendered":""},"content":{"rendered":"\n<h2 class=\"wp-block-heading has-text-align-center is-style-text-subtitle has-large-font-size is-style-text-subtitle--1\" style=\"margin-top:var(--wp--preset--spacing--40);padding-top:0;padding-right:0;padding-bottom:0;padding-left:0;line-height:2.2\"><strong>Venez participer \u00e0 la r\u00e9flexion collective pour la mise en valeur de ce joyaux du patrimoine lavallois<\/strong><\/h2>\n\n\n\n<h2 class=\"wp-block-heading has-text-align-center is-style-text-subtitle has-text-color has-link-color has-large-font-size wp-elements-6684837de9cba4ec3368fe7a2c93190a is-style-text-subtitle--2\" style=\"color:#dd3030;padding-top:0;padding-right:0;padding-bottom:0;padding-left:0;line-height:2.2\"><strong>Jeudi 30 avril 2026 de 17h30 \u00e0 19h30<br>salle familiale de la Maison de quartier Pavement<\/strong><\/h2>\n\n\n\n<div class=\"wp-block-columns alignwide is-style-default is-layout-flex wp-container-core-columns-is-layout-28f84493 wp-block-columns-is-layout-flex\">\n<div class=\"wp-block-column is-layout-flow wp-block-column-is-layout-flow\">\n<figure class=\"wp-block-image size-large\"><img loading=\"lazy\" decoding=\"async\" width=\"724\" height=\"1024\" src=\"https:\/\/www.manoir-coconniere-laval.fr\/wp-content\/uploads\/2026\/04\/Ateliers-30-04-2026-Manoir-Coconniere-724x1024.jpg\" alt=\"\" class=\"wp-image-15\" srcset=\"https:\/\/www.manoir-coconniere-laval.fr\/wp-content\/uploads\/2026\/04\/Ateliers-30-04-2026-Manoir-Coconniere-724x1024.jpg 724w, https:\/\/www.manoir-coconniere-laval.fr\/wp-content\/uploads\/2026\/04\/Ateliers-30-04-2026-Manoir-Coconniere-212x300.jpg 212w, https:\/\/www.manoir-coconniere-laval.fr\/wp-content\/uploads\/2026\/04\/Ateliers-30-04-2026-Manoir-Coconniere-768x1086.jpg 768w, https:\/\/www.manoir-coconniere-laval.fr\/wp-content\/uploads\/2026\/04\/Ateliers-30-04-2026-Manoir-Coconniere-1086x1536.jpg 1086w, https:\/\/www.manoir-coconniere-laval.fr\/wp-content\/uploads\/2026\/04\/Ateliers-30-04-2026-Manoir-Coconniere.jpg 1414w\" sizes=\"auto, (max-width: 724px) 100vw, 724px\" \/><\/figure>\n<\/div>\n\n\n\n<div class=\"wp-block-column is-style-default is-layout-flow wp-block-column-is-layout-flow\">\n<div class=\"wp-block-columns is-layout-flex wp-container-core-columns-is-layout-59192572 wp-block-columns-is-layout-flex\" style=\"padding-right:var(--wp--preset--spacing--20);padding-left:var(--wp--preset--spacing--20)\">\n<div class=\"wp-block-column has-accent-5-background-color has-background is-layout-flow wp-block-column-is-layout-flow\" style=\"padding-right:var(--wp--preset--spacing--20);padding-left:var(--wp--preset--spacing--20)\">\n<h3 class=\"wp-block-heading has-text-align-center is-style-text-subtitle has-large-font-size is-style-text-subtitle--3\" style=\"padding-top:0;padding-right:0;padding-bottom:0;padding-left:0;line-height:2.2\"><strong> Inscriptions<\/strong><\/h3>\n\n\n<style id=\"wpforms-css-vars-20\">\n\t\t\t\t#wpforms-20 {\n\t\t\t\t--wpforms-container-padding: 0px;\n--wpforms-container-border-width: 1px;\n--wpforms-container-border-radius: 3px;\n--wpforms-background-color: rgba(0, 0, 0, 0);\n--wpforms-field-size-input-height: 43px;\n--wpforms-field-size-input-spacing: 15px;\n--wpforms-field-size-font-size: 16px;\n--wpforms-field-size-line-height: 19px;\n--wpforms-field-size-padding-h: 14px;\n--wpforms-field-size-checkbox-size: 16px;\n--wpforms-field-size-sublabel-spacing: 5px;\n--wpforms-field-size-icon-size: 1;\n--wpforms-label-size-font-size: 16px;\n--wpforms-label-size-line-height: 19px;\n--wpforms-label-size-sublabel-font-size: 14px;\n--wpforms-label-size-sublabel-line-height: 17px;\n--wpforms-button-size-font-size: 17px;\n--wpforms-button-size-height: 41px;\n--wpforms-button-size-padding-h: 15px;\n--wpforms-button-size-margin-top: 10px;\n--wpforms-container-shadow-size-box-shadow: none;\n\t\t\t}\n\t\t\t<\/style><div class=\"wpforms-container wpforms-container-full wpforms-render-modern\" id=\"wpforms-20\"><form id=\"wpforms-form-20\" class=\"wpforms-validate wpforms-form wpforms-ajax-form\" data-formid=\"20\" method=\"post\" enctype=\"multipart\/form-data\" action=\"\/index.php?rest_route=%2Fwp%2Fv2%2Fpages%2F13\" data-token=\"c426a2937211b427b63fbe88a71034a6\" data-token-time=\"1776940535\"><noscript class=\"wpforms-error-noscript\">Veuillez activer JavaScript dans votre navigateur pour remplir ce formulaire.<\/noscript><div id=\"wpforms-error-noscript\" style=\"display: none;\">Veuillez activer JavaScript dans votre navigateur pour remplir ce formulaire.<\/div><div class=\"wpforms-field-container\"><div id=\"wpforms-20-field_1-container\" class=\"wpforms-field wpforms-field-name\" data-field-id=\"1\"><fieldset><legend class=\"wpforms-field-label\">Nom <span class=\"wpforms-required-label\" aria-hidden=\"true\">*<\/span><\/legend><div class=\"wpforms-field-row wpforms-field-medium\"><div class=\"wpforms-field-row-block wpforms-first wpforms-one-half\"><input type=\"text\" id=\"wpforms-20-field_1\" class=\"wpforms-field-name-first wpforms-field-required\" name=\"wpforms[fields][1][first]\" aria-errormessage=\"wpforms-20-field_1-error\" required><label for=\"wpforms-20-field_1\" class=\"wpforms-field-sublabel after\">Pr\u00e9nom<\/label><\/div><div class=\"wpforms-field-row-block wpforms-one-half\"><input type=\"text\" id=\"wpforms-20-field_1-last\" class=\"wpforms-field-name-last wpforms-field-required\" name=\"wpforms[fields][1][last]\" aria-errormessage=\"wpforms-20-field_1-last-error\" required><label for=\"wpforms-20-field_1-last\" class=\"wpforms-field-sublabel after\">Nom<\/label><\/div><\/div><\/fieldset><\/div><div id=\"wpforms-20-field_2-container\" class=\"wpforms-field wpforms-field-email\" data-field-id=\"2\"><label class=\"wpforms-field-label\" for=\"wpforms-20-field_2\">E-mail <span class=\"wpforms-required-label\" aria-hidden=\"true\">*<\/span><\/label><input type=\"email\" id=\"wpforms-20-field_2\" class=\"wpforms-field-medium wpforms-field-required\" name=\"wpforms[fields][2]\" spellcheck=\"false\" aria-errormessage=\"wpforms-20-field_2-error\" required><\/div><div id=\"wpforms-20-field_5-container\" class=\"wpforms-field wpforms-field-radio\" data-field-id=\"5\"><fieldset><legend class=\"wpforms-field-label\">Inscription \u00e0 l&#039;\u00e9v\u00e9nement<\/legend><ul id=\"wpforms-20-field_5\"><li class=\"choice-1 depth-1\"><input type=\"radio\" id=\"wpforms-20-field_5_1\" name=\"wpforms[fields][5]\" value=\"Je m&#039;inscris\" aria-errormessage=\"wpforms-20-field_5_1-error\"  ><label class=\"wpforms-field-label-inline\" for=\"wpforms-20-field_5_1\">Je m'inscris<\/label><\/li><li class=\"choice-2 depth-1\"><input type=\"radio\" id=\"wpforms-20-field_5_2\" name=\"wpforms[fields][5]\" value=\"Je ne m&#039;inscris pas mais souhaite recevoir des informations de l&#039;association\" aria-errormessage=\"wpforms-20-field_5_2-error\"  ><label class=\"wpforms-field-label-inline\" for=\"wpforms-20-field_5_2\">Je ne m'inscris pas mais souhaite recevoir des informations de l'association<\/label><\/li><\/ul><\/fieldset><\/div>\t\t<div id=\"wpforms-20-field_3-container\"\n\t\t\tclass=\"wpforms-field wpforms-field-text\"\n\t\t\tdata-field-type=\"text\"\n\t\t\tdata-field-id=\"3\"\n\t\t\t>\n\t\t\t<label class=\"wpforms-field-label\" for=\"wpforms-20-field_3\" >de vous 30<\/label>\n\t\t\t<input type=\"text\" id=\"wpforms-20-field_3\" class=\"wpforms-field-medium\" name=\"wpforms[fields][3]\" >\n\t\t<\/div>\n\t\t<div id=\"wpforms-20-field_4-container\" class=\"wpforms-field wpforms-field-number\" data-field-id=\"4\"><label class=\"wpforms-field-label\" for=\"wpforms-20-field_4\">Si vous venez le 30 avril, merci de pr\u00e9ciser le nombre de personnes pr\u00e9sentes<\/label><input type=\"number\" id=\"wpforms-20-field_4\" class=\"wpforms-field-medium\" name=\"wpforms[fields][4]\" step=\"any\" aria-errormessage=\"wpforms-20-field_4-error\" ><\/div><script>\n\t\t\t\t( function() {\n\t\t\t\t\tconst style = document.createElement( 'style' );\n\t\t\t\t\tstyle.appendChild( document.createTextNode( '#wpforms-20-field_3-container { position: absolute !important; overflow: hidden !important; display: inline !important; height: 1px !important; width: 1px !important; z-index: -1000 !important; padding: 0 !important; } #wpforms-20-field_3-container input { visibility: hidden; } #wpforms-conversational-form-page #wpforms-20-field_3-container label { counter-increment: none; }' ) );\n\t\t\t\t\tdocument.head.appendChild( style );\n\t\t\t\t\tdocument.currentScript?.remove();\n\t\t\t\t} )();\n\t\t\t<\/script><\/div><!-- .wpforms-field-container --><div class=\"wpforms-submit-container\" ><input type=\"hidden\" name=\"wpforms[id]\" value=\"20\"><input type=\"hidden\" name=\"page_title\" value=\"\"><input type=\"hidden\" name=\"page_url\" value=\"https:\/\/www.manoir-coconniere-laval.fr\/index.php?rest_route=\/wp\/v2\/pages\/13\"><input type=\"hidden\" name=\"url_referer\" value=\"\"><button type=\"submit\" name=\"wpforms[submit]\" id=\"wpforms-submit-20\" class=\"wpforms-submit\" data-alt-text=\"Envoi...\" data-submit-text=\"Envoyer\" aria-live=\"assertive\" value=\"wpforms-submit\">Envoyer<\/button><img loading=\"lazy\" decoding=\"async\" src=\"https:\/\/www.manoir-coconniere-laval.fr\/wp-content\/plugins\/wpforms-lite\/assets\/images\/submit-spin.svg\" class=\"wpforms-submit-spinner\" style=\"display: none;\" width=\"26\" height=\"26\" alt=\"Chargement en cours\"><\/div><\/form><\/div>  <!-- .wpforms-container -->\n<\/div>\n<\/div>\n\n\n\n<h3 class=\"wp-block-heading has-text-align-center is-style-text-subtitle has-large-font-size is-style-text-subtitle--4\" style=\"padding-top:0;padding-right:0;padding-bottom:0;padding-left:0;line-height:2.2\"><strong>Au programme :<\/strong><\/h3>\n\n\n\n<ul class=\"wp-block-list\">\n<li style=\"line-height:1.8\">17h30 :pr\u00e9sentation du site \u00ab triangledor-coconniere-laval.fr\u00bb r\u00e9alis\u00e9 avec les \u00e9tudiants de l&rsquo;IUT Multimedia et la nouvelle publication \u00ab Au Fil du Lin et de l&rsquo;Eau, le triangle d&rsquo;or de la Coconni\u00e8re\u00a0\u00bb suivie de la balade sur le projet de circuit, maisons de tisserands, manoir et moulin.<\/li>\n\n\n\n<li>18h15 : ateliers sur la mise en valeur du Manoir et du circuit \u00ab triangle d\u2019or Coconni\u00e8re \u00bb.<\/li>\n<\/ul>\n<\/div>\n<\/div>\n\n\n\n<hr class=\"wp-block-separator has-alpha-channel-opacity is-style-default\"\/>\n\n\n\n<div class=\"wp-block-columns alignwide is-style-default is-layout-flex wp-container-core-columns-is-layout-28f84493 wp-block-columns-is-layout-flex\">\n<div class=\"wp-block-column is-layout-flow wp-block-column-is-layout-flow\">\n<div class=\"wp-block-columns is-layout-flex wp-container-core-columns-is-layout-59192572 wp-block-columns-is-layout-flex\" style=\"padding-right:var(--wp--preset--spacing--20);padding-left:var(--wp--preset--spacing--20)\">\n<div class=\"wp-block-column is-layout-flow wp-block-column-is-layout-flow\">\n<p class=\"has-text-align-left\">Soit un Manoir de la Coconni\u00e8re et sa tourelle du 16\u00e8me si\u00e8cle \u00e0 l\u2019abandon sur l\u2019Ehpad Jeanne Jugan<\/p>\n\n\n\n<p class=\"has-text-align-left\"> + un Lotissement de maisons de tisserands de\u2026.1658 \u00e0 ses c\u00f4t\u00e9s, toujours en place rue du Pavement !<\/p>\n\n\n\n<p class=\"has-text-align-left\">+ le Moulin de la Coconni\u00e8re, priv\u00e9 de sa roue mais bien debout sur le ruisseau Saint-Nicolas<br><\/p>\n\n\n\n<p class=\"has-text-align-left\"><strong>= le Triangle d\u2019or de la Coconni\u00e8re, tr\u00e9sor culturel d\u2019histoire \u2026 <\/strong><\/p>\n\n\n\n<figure class=\"wp-block-image aligncenter size-large is-resized\"><img loading=\"lazy\" decoding=\"async\" width=\"1024\" height=\"541\" src=\"https:\/\/www.manoir-coconniere-laval.fr\/wp-content\/uploads\/2026\/04\/Le-triangle-dor-de-la-Coconniere-1-1024x541.jpg\" alt=\"\" class=\"wp-image-48\" style=\"width:596px;height:auto\" srcset=\"https:\/\/www.manoir-coconniere-laval.fr\/wp-content\/uploads\/2026\/04\/Le-triangle-dor-de-la-Coconniere-1-1024x541.jpg 1024w, https:\/\/www.manoir-coconniere-laval.fr\/wp-content\/uploads\/2026\/04\/Le-triangle-dor-de-la-Coconniere-1-300x158.jpg 300w, https:\/\/www.manoir-coconniere-laval.fr\/wp-content\/uploads\/2026\/04\/Le-triangle-dor-de-la-Coconniere-1-768x406.jpg 768w, https:\/\/www.manoir-coconniere-laval.fr\/wp-content\/uploads\/2026\/04\/Le-triangle-dor-de-la-Coconniere-1.jpg 1414w\" sizes=\"auto, (max-width: 1024px) 100vw, 1024px\" \/><figcaption class=\"wp-element-caption\">Le triangle d&rsquo;or de la Coconni\u00e8re &#8211; 1<\/figcaption><\/figure>\n\n\n\n<p class=\"has-text-align-left\">pourtant m\u00e9connu des lavallois, bien que proche des \u00e9coles, coll\u00e8ges et lyc\u00e9es, entre l\u2019avenue de Chanzy, et la Piscine Saint-Nicolas \u2026<\/p>\n\n\n\n<p class=\"has-text-align-left\"><br>Un tr\u00e9sor qui m\u00e9riterait tant d\u2019\u00eatre mis \u00e0 l\u2019honneur de Laval, ville d\u2019Art et d\u2019Histoire \u2026<br>Comme c\u2019est un devoir de faire vivre la longue histoire de la toile de Laval jusqu&rsquo;aux Am\u00e9riques, du labeur des familles de tisserands de lin jusqu\u2019aux beaux h\u00f4tels particuliers des marchands de toile, que nul espace lavallois ne raconte aujourd&rsquo;hui, le Manoir de la Coconni\u00e8re pourrait bien se pr\u00eater \u00e0 combler cette myst\u00e9rieuse lacune\u2026<\/p>\n<\/div>\n<\/div>\n<\/div>\n<\/div>\n\n\n\n<div class=\"wp-block-columns alignwide is-style-default is-layout-flex wp-container-core-columns-is-layout-28f84493 wp-block-columns-is-layout-flex\">\n<div class=\"wp-block-column is-layout-flow wp-block-column-is-layout-flow\">\n<h2 class=\"wp-block-heading has-text-align-center\">D\u00e9couvrir au fil du lin et de l&rsquo;eau<\/h2>\n\n\n\n<p class=\"has-text-align-center\">(cliquer sur l&rsquo;image pour faire tourner les pages)<\/p>\n\n\n<div class=\"_df_book df-lite\" id=\"df_42\"  _slug=\"42\" data-title=\"au-fil-du-lin-et-de-leau\" wpoptions=\"true\" thumbtype=\"\" ><\/div><script class=\"df-shortcode-script\" nowprocket type=\"application\/javascript\">window.option_df_42 = {\"outline\":[],\"autoEnableOutline\":\"false\",\"autoEnableThumbnail\":\"false\",\"overwritePDFOutline\":\"false\",\"direction\":\"1\",\"pageSize\":\"0\",\"source\":\"https:\\\/\\\/www.manoir-coconniere-laval.fr\\\/wp-content\\\/uploads\\\/2026\\\/04\\\/22.04_LIVRET_COMPLET.pdf\",\"wpOptions\":\"true\"}; if(window.DFLIP && window.DFLIP.parseBooks){window.DFLIP.parseBooks();}<\/script>\n\n\n\n<h2 class=\"wp-block-heading has-text-align-center\" style=\"margin-top:var(--wp--preset--spacing--60)\">Reportage radio d&rsquo;Ici Mayenne (1er mai 2025)<\/h2>\n\n\n\n<figure style=\"margin-top:var(--wp--preset--spacing--40);margin-bottom:var(--wp--preset--spacing--60)\" class=\"wp-block-audio\"><audio controls src=\"https:\/\/www.manoir-coconniere-laval.fr\/wp-content\/uploads\/2026\/04\/Reportage-01-05-2025-Ici-Mayenne-Sauver-Manoir-Coconniere.mp3\"><\/audio><\/figure>\n\n\n\n<figure class=\"wp-block-image aligncenter size-large\"><img loading=\"lazy\" decoding=\"async\" width=\"1024\" height=\"121\" src=\"https:\/\/www.manoir-coconniere-laval.fr\/wp-content\/uploads\/2026\/04\/Mot-du-Maire-Manoir-Coconniere-1024x121.jpg\" alt=\"\" class=\"wp-image-74\" srcset=\"https:\/\/www.manoir-coconniere-laval.fr\/wp-content\/uploads\/2026\/04\/Mot-du-Maire-Manoir-Coconniere-1024x121.jpg 1024w, https:\/\/www.manoir-coconniere-laval.fr\/wp-content\/uploads\/2026\/04\/Mot-du-Maire-Manoir-Coconniere-300x36.jpg 300w, https:\/\/www.manoir-coconniere-laval.fr\/wp-content\/uploads\/2026\/04\/Mot-du-Maire-Manoir-Coconniere-768x91.jpg 768w, https:\/\/www.manoir-coconniere-laval.fr\/wp-content\/uploads\/2026\/04\/Mot-du-Maire-Manoir-Coconniere-1536x182.jpg 1536w, https:\/\/www.manoir-coconniere-laval.fr\/wp-content\/uploads\/2026\/04\/Mot-du-Maire-Manoir-Coconniere.jpg 2000w\" sizes=\"auto, (max-width: 1024px) 100vw, 1024px\" \/><\/figure>\n\n\n\n<div class=\"wp-block-columns alignwide is-style-default is-layout-flex wp-container-core-columns-is-layout-28f84493 wp-block-columns-is-layout-flex\">\n<div class=\"wp-block-column is-layout-flow wp-block-column-is-layout-flow\">\n<div class=\"wp-block-group is-nowrap is-layout-flex wp-container-core-group-is-layout-6c531013 wp-block-group-is-layout-flex\">\n<figure class=\"wp-block-image size-large\"><img loading=\"lazy\" decoding=\"async\" width=\"1024\" height=\"395\" src=\"https:\/\/www.manoir-coconniere-laval.fr\/wp-content\/uploads\/2026\/04\/Manoir-Coconniere-Photo-de-Ref.-.Jugan-20240923-1024x395.jpg\" alt=\"\" class=\"wp-image-53\" srcset=\"https:\/\/www.manoir-coconniere-laval.fr\/wp-content\/uploads\/2026\/04\/Manoir-Coconniere-Photo-de-Ref.-.Jugan-20240923-1024x395.jpg 1024w, https:\/\/www.manoir-coconniere-laval.fr\/wp-content\/uploads\/2026\/04\/Manoir-Coconniere-Photo-de-Ref.-.Jugan-20240923-300x116.jpg 300w, https:\/\/www.manoir-coconniere-laval.fr\/wp-content\/uploads\/2026\/04\/Manoir-Coconniere-Photo-de-Ref.-.Jugan-20240923-768x296.jpg 768w, https:\/\/www.manoir-coconniere-laval.fr\/wp-content\/uploads\/2026\/04\/Manoir-Coconniere-Photo-de-Ref.-.Jugan-20240923-1536x593.jpg 1536w, https:\/\/www.manoir-coconniere-laval.fr\/wp-content\/uploads\/2026\/04\/Manoir-Coconniere-Photo-de-Ref.-.Jugan-20240923-2048x791.jpg 2048w\" sizes=\"auto, (max-width: 1024px) 100vw, 1024px\" \/><\/figure>\n\n\n\n<figure class=\"wp-block-image size-large\"><img loading=\"lazy\" decoding=\"async\" width=\"1024\" height=\"706\" src=\"https:\/\/www.manoir-coconniere-laval.fr\/wp-content\/uploads\/2026\/04\/Tableau-vers-1850-JB-Messager-Coconniere-1024x706.jpg\" alt=\"\" class=\"wp-image-54\" srcset=\"https:\/\/www.manoir-coconniere-laval.fr\/wp-content\/uploads\/2026\/04\/Tableau-vers-1850-JB-Messager-Coconniere-1024x706.jpg 1024w, https:\/\/www.manoir-coconniere-laval.fr\/wp-content\/uploads\/2026\/04\/Tableau-vers-1850-JB-Messager-Coconniere-300x207.jpg 300w, https:\/\/www.manoir-coconniere-laval.fr\/wp-content\/uploads\/2026\/04\/Tableau-vers-1850-JB-Messager-Coconniere-768x529.jpg 768w, https:\/\/www.manoir-coconniere-laval.fr\/wp-content\/uploads\/2026\/04\/Tableau-vers-1850-JB-Messager-Coconniere-1536x1058.jpg 1536w, https:\/\/www.manoir-coconniere-laval.fr\/wp-content\/uploads\/2026\/04\/Tableau-vers-1850-JB-Messager-Coconniere-2048x1411.jpg 2048w\" sizes=\"auto, (max-width: 1024px) 100vw, 1024px\" \/><\/figure>\n\n\n\n<figure class=\"wp-block-image size-full\"><img loading=\"lazy\" decoding=\"async\" width=\"976\" height=\"545\" src=\"https:\/\/www.manoir-coconniere-laval.fr\/wp-content\/uploads\/2026\/04\/Manoir-photo-tableau-Coconniere-et-tisserands-rue-Pavement-.jpg\" alt=\"\" class=\"wp-image-56\" srcset=\"https:\/\/www.manoir-coconniere-laval.fr\/wp-content\/uploads\/2026\/04\/Manoir-photo-tableau-Coconniere-et-tisserands-rue-Pavement-.jpg 976w, https:\/\/www.manoir-coconniere-laval.fr\/wp-content\/uploads\/2026\/04\/Manoir-photo-tableau-Coconniere-et-tisserands-rue-Pavement--300x168.jpg 300w, https:\/\/www.manoir-coconniere-laval.fr\/wp-content\/uploads\/2026\/04\/Manoir-photo-tableau-Coconniere-et-tisserands-rue-Pavement--768x429.jpg 768w\" sizes=\"auto, (max-width: 976px) 100vw, 976px\" \/><\/figure>\n<\/div>\n\n\n\n<div class=\"wp-block-group is-nowrap is-layout-flex wp-container-core-group-is-layout-6c531013 wp-block-group-is-layout-flex\">\n<figure class=\"wp-block-image size-large\"><img loading=\"lazy\" decoding=\"async\" width=\"724\" height=\"1024\" src=\"https:\/\/www.manoir-coconniere-laval.fr\/wp-content\/uploads\/2026\/04\/Y1-Un-brin-dhistoire-de-la-Coconniere-724x1024.jpg\" alt=\"\" class=\"wp-image-57\" srcset=\"https:\/\/www.manoir-coconniere-laval.fr\/wp-content\/uploads\/2026\/04\/Y1-Un-brin-dhistoire-de-la-Coconniere-724x1024.jpg 724w, https:\/\/www.manoir-coconniere-laval.fr\/wp-content\/uploads\/2026\/04\/Y1-Un-brin-dhistoire-de-la-Coconniere-212x300.jpg 212w, https:\/\/www.manoir-coconniere-laval.fr\/wp-content\/uploads\/2026\/04\/Y1-Un-brin-dhistoire-de-la-Coconniere-768x1086.jpg 768w, https:\/\/www.manoir-coconniere-laval.fr\/wp-content\/uploads\/2026\/04\/Y1-Un-brin-dhistoire-de-la-Coconniere-1086x1536.jpg 1086w, https:\/\/www.manoir-coconniere-laval.fr\/wp-content\/uploads\/2026\/04\/Y1-Un-brin-dhistoire-de-la-Coconniere.jpg 1414w\" sizes=\"auto, (max-width: 724px) 100vw, 724px\" \/><\/figure>\n\n\n\n<figure class=\"wp-block-image size-full\"><img loading=\"lazy\" decoding=\"async\" width=\"713\" height=\"776\" src=\"https:\/\/www.manoir-coconniere-laval.fr\/wp-content\/uploads\/2026\/04\/Y2-Reperes-historiques.jpg\" alt=\"\" class=\"wp-image-58\" srcset=\"https:\/\/www.manoir-coconniere-laval.fr\/wp-content\/uploads\/2026\/04\/Y2-Reperes-historiques.jpg 713w, https:\/\/www.manoir-coconniere-laval.fr\/wp-content\/uploads\/2026\/04\/Y2-Reperes-historiques-276x300.jpg 276w\" sizes=\"auto, (max-width: 713px) 100vw, 713px\" \/><\/figure>\n<\/div>\n\n\n\n<div class=\"wp-block-group is-nowrap is-layout-flex wp-container-core-group-is-layout-6c531013 wp-block-group-is-layout-flex\">\n<figure class=\"wp-block-image size-full\"><img loading=\"lazy\" decoding=\"async\" width=\"1414\" height=\"2000\" src=\"https:\/\/www.manoir-coconniere-laval.fr\/wp-content\/uploads\/2026\/04\/Z2-Du-Lin-au-Coton-DLOUSSKY-Art-OF.jpg\" alt=\"\" class=\"wp-image-60\" srcset=\"https:\/\/www.manoir-coconniere-laval.fr\/wp-content\/uploads\/2026\/04\/Z2-Du-Lin-au-Coton-DLOUSSKY-Art-OF.jpg 1414w, https:\/\/www.manoir-coconniere-laval.fr\/wp-content\/uploads\/2026\/04\/Z2-Du-Lin-au-Coton-DLOUSSKY-Art-OF-212x300.jpg 212w, https:\/\/www.manoir-coconniere-laval.fr\/wp-content\/uploads\/2026\/04\/Z2-Du-Lin-au-Coton-DLOUSSKY-Art-OF-724x1024.jpg 724w, https:\/\/www.manoir-coconniere-laval.fr\/wp-content\/uploads\/2026\/04\/Z2-Du-Lin-au-Coton-DLOUSSKY-Art-OF-768x1086.jpg 768w, https:\/\/www.manoir-coconniere-laval.fr\/wp-content\/uploads\/2026\/04\/Z2-Du-Lin-au-Coton-DLOUSSKY-Art-OF-1086x1536.jpg 1086w\" sizes=\"auto, (max-width: 1414px) 100vw, 1414px\" \/><\/figure>\n<\/div>\n\n\n\n<figure class=\"wp-block-image aligncenter size-large\"><img loading=\"lazy\" decoding=\"async\" width=\"1024\" height=\"724\" src=\"https:\/\/www.manoir-coconniere-laval.fr\/wp-content\/uploads\/2026\/04\/Un-tresor-patrimonial-de-Laval-a-mettre-en-valeur-au-Pavement-1024x724.jpg\" alt=\"\" class=\"wp-image-50\" srcset=\"https:\/\/www.manoir-coconniere-laval.fr\/wp-content\/uploads\/2026\/04\/Un-tresor-patrimonial-de-Laval-a-mettre-en-valeur-au-Pavement-1024x724.jpg 1024w, https:\/\/www.manoir-coconniere-laval.fr\/wp-content\/uploads\/2026\/04\/Un-tresor-patrimonial-de-Laval-a-mettre-en-valeur-au-Pavement-300x212.jpg 300w, https:\/\/www.manoir-coconniere-laval.fr\/wp-content\/uploads\/2026\/04\/Un-tresor-patrimonial-de-Laval-a-mettre-en-valeur-au-Pavement-768x543.jpg 768w, https:\/\/www.manoir-coconniere-laval.fr\/wp-content\/uploads\/2026\/04\/Un-tresor-patrimonial-de-Laval-a-mettre-en-valeur-au-Pavement-1536x1086.jpg 1536w, https:\/\/www.manoir-coconniere-laval.fr\/wp-content\/uploads\/2026\/04\/Un-tresor-patrimonial-de-Laval-a-mettre-en-valeur-au-Pavement-rotated.jpg 2000w\" sizes=\"auto, (max-width: 1024px) 100vw, 1024px\" \/><\/figure>\n<\/div>\n<\/div>\n<\/div>\n<\/div>\n\n\n\n<p><\/p>\n","protected":false},"excerpt":{"rendered":"<p>Venez participer \u00e0 la r\u00e9flexion collective pour la mise en valeur de ce joyaux du patrimoine lavallois Jeudi 30 avril 2026 de 17h30 \u00e0 19h30salle familiale de la Maison de quartier Pavement Inscriptions Au programme : Soit un Manoir de la Coconni\u00e8re et sa tourelle du 16\u00e8me si\u00e8cle \u00e0 l\u2019abandon sur l\u2019Ehpad Jeanne Jugan + [&hellip;]<\/p>\n","protected":false},"author":1,"featured_media":0,"parent":0,"menu_order":0,"comment_status":"closed","ping_status":"closed","template":"","meta":{"footnotes":""},"class_list":["post-13","page","type-page","status-publish","hentry"],"_links":{"self":[{"href":"https:\/\/www.manoir-coconniere-laval.fr\/index.php?rest_route=\/wp\/v2\/pages\/13","targetHints":{"allow":["GET"]}}],"collection":[{"href":"https:\/\/www.manoir-coconniere-laval.fr\/index.php?rest_route=\/wp\/v2\/pages"}],"about":[{"href":"https:\/\/www.manoir-coconniere-laval.fr\/index.php?rest_route=\/wp\/v2\/types\/page"}],"author":[{"embeddable":true,"href":"https:\/\/www.manoir-coconniere-laval.fr\/index.php?rest_route=\/wp\/v2\/users\/1"}],"replies":[{"embeddable":true,"href":"https:\/\/www.manoir-coconniere-laval.fr\/index.php?rest_route=%2Fwp%2Fv2%2Fcomments&post=13"}],"version-history":[{"count":29,"href":"https:\/\/www.manoir-coconniere-laval.fr\/index.php?rest_route=\/wp\/v2\/pages\/13\/revisions"}],"predecessor-version":[{"id":78,"href":"https:\/\/www.manoir-coconniere-laval.fr\/index.php?rest_route=\/wp\/v2\/pages\/13\/revisions\/78"}],"wp:attachment":[{"href":"https:\/\/www.manoir-coconniere-laval.fr\/index.php?rest_route=%2Fwp%2Fv2%2Fmedia&parent=13"}],"curies":[{"name":"wp","href":"https:\/\/api.w.org\/{rel}","templated":true}]}}